{"id":3162,"date":"2026-05-07T12:19:00","date_gmt":"2026-05-07T10:19:00","guid":{"rendered":"https:\/\/re-expect.de\/?page_id=3162"},"modified":"2026-05-11T09:22:28","modified_gmt":"2026-05-11T07:22:28","slug":"re-fx-reifegrad-check","status":"publish","type":"page","link":"https:\/\/re-expect.de\/en\/re-fx-reifegrad-check\/","title":{"rendered":"RE-FX Reifegrad Check"},"content":{"rendered":"\t\t<div data-elementor-type=\"wp-page\" data-elementor-id=\"3162\" class=\"elementor elementor-3162\" data-elementor-post-type=\"page\">\n\t\t\t\t<div class=\"elementor-element elementor-element-daa1295 e-flex e-con-boxed e-con e-parent\" data-id=\"daa1295\" data-element_type=\"container\">\n\t\t\t\t\t<div class=\"e-con-inner\">\n\t\t<div class=\"elementor-element elementor-element-1ee1fc5 e-con-full e-flex e-con e-child\" data-id=\"1ee1fc5\" data-element_type=\"container\">\n\t\t\t\t<div class=\"elementor-element elementor-element-0211c96 elementor-widget elementor-widget-heading\" data-id=\"0211c96\" data-element_type=\"widget\" data-widget_type=\"heading.default\">\n\t\t\t\t<div class=\"elementor-widget-container\">\n\t\t\t<h1 class=\"elementor-heading-title elementor-size-default\"> RE-FX Reifegrad-Check<\/h1>\t\t<\/div>\n\t\t\t\t<\/div>\n\t\t\t\t<div class=\"elementor-element elementor-element-b62d6ca elementor-widget elementor-widget-heading\" data-id=\"b62d6ca\" data-element_type=\"widget\" data-widget_type=\"heading.default\">\n\t\t\t\t<div class=\"elementor-widget-container\">\n\t\t\t<h2 class=\"elementor-heading-title elementor-size-default\">In 5 Minuten zur ehrlichen Standortbestimmung Ihrer SAP RE-FX-Prozesse<\/h2>\t\t<\/div>\n\t\t\t\t<\/div>\n\t\t\t\t<div class=\"elementor-element elementor-element-2670f8b elementor-widget elementor-widget-heading\" data-id=\"2670f8b\" data-element_type=\"widget\" data-widget_type=\"heading.default\">\n\t\t\t\t<div class=\"elementor-widget-container\">\n\t\t\t<h2 class=\"elementor-heading-title elementor-size-default\">Kostenlos. Anonym. Ohne Anmeldung.<\/h2>\t\t<\/div>\n\t\t\t\t<\/div>\n\t\t\t\t<\/div>\n\t\t<div class=\"elementor-element elementor-element-1ad3474 e-con-full e-flex e-con e-child\" data-id=\"1ad3474\" data-element_type=\"container\">\n\t\t\t\t<div class=\"elementor-element elementor-element-abd9afd elementor-widget elementor-widget-text-editor\" data-id=\"abd9afd\" data-element_type=\"widget\" data-widget_type=\"text-editor.default\">\n\t\t\t\t<div class=\"elementor-widget-container\">\n\t\t\t\t\t\t\t<p class=\"font-claude-response-body break-words whitespace-normal leading-[1.7]\"><span style=\"color: #000000;\">Wie effizient l\u00e4uft Ihr Immobilienmanagement in SAP RE-FX wirklich? Mit unserem RE-FX Reifegrad-Check bekommen Sie in wenigen Minuten eine fundierte Einsch\u00e4tzung \u00fcber f\u00fcnf Bereiche hinweg \u2014 Mieterkorrespondenz, Abrechnungen, E-Rechnung, Compliance &amp; Audit sowie Automatisierung &amp; KI.<\/span><\/p><p class=\"font-claude-response-body break-words whitespace-normal leading-[1.7]\"><span style=\"color: #000000;\">Sie beantworten 18 Fragen aus Ihrem Tagesgesch\u00e4ft. Am Ende erhalten Sie einen Reifegrad-Score von 0 bis 100, eine Einordnung in vier Stufen (Anf\u00e4nger bis Best-in-Class) und konkrete Empfehlungen f\u00fcr die drei Bereiche, in denen wir den schnellsten Effekt sehen.<\/span><\/p>\t\t\t\t\t\t<\/div>\n\t\t\t\t<\/div>\n\t\t\t\t<\/div>\n\t\t\t\t\t<\/div>\n\t\t\t\t<\/div>\n\t\t<div class=\"elementor-element elementor-element-cbe5886 e-flex e-con-boxed e-con e-parent\" data-id=\"cbe5886\" data-element_type=\"container\">\n\t\t\t\t\t<div class=\"e-con-inner\">\n\t\t\t\t<div class=\"elementor-element elementor-element-5fed404 elementor-widget elementor-widget-spacer\" data-id=\"5fed404\" data-element_type=\"widget\" data-widget_type=\"spacer.default\">\n\t\t\t\t<div class=\"elementor-widget-container\">\n\t\t\t\t\t<div class=\"elementor-spacer\">\n\t\t\t<div class=\"elementor-spacer-inner\"><\/div>\n\t\t<\/div>\n\t\t\t\t<\/div>\n\t\t\t\t<\/div>\n\t\t\t\t<div class=\"elementor-element elementor-element-9832d89 elementor-widget elementor-widget-html\" data-id=\"9832d89\" data-element_type=\"widget\" data-widget_type=\"html.default\">\n\t\t\t\t<div class=\"elementor-widget-container\">\n\t\t\t<iframe src=\"\/wp-content\/uploads\/reifegrad\/reifegrad-check.html\"\n           width=\"100%\"\n           height=\"1100\"\n           style=\"border:none; display:block;\"\n           title=\"REexpect RE-FX Reifegrad-Check\">\n   <\/iframe>\t\t<\/div>\n\t\t\t\t<\/div>\n\t\t\t\t\t<\/div>\n\t\t\t\t<\/div>\n\t\t\t\t<\/div>\n\t\t","protected":false},"excerpt":{"rendered":"<p>RE-FX Reifegrad-Check In 5 Minuten zur ehrlichen Standortbestimmung Ihrer SAP RE-FX-Prozesse Kostenlos. Anonym. Ohne Anmeldung. Wie effizient l\u00e4uft Ihr Immobilienmanagement in SAP RE-FX wirklich? Mit unserem RE-FX Reifegrad-Check bekommen Sie in wenigen Minuten eine fundierte Einsch\u00e4tzung \u00fcber f\u00fcnf Bereiche hinweg \u2014 Mieterkorrespondenz, Abrechnungen, E-Rechnung, Compliance &amp; Audit sowie Automatisierung &amp; KI. Sie beantworten 18 Fragen&hellip;<\/p>","protected":false},"author":2,"featured_media":0,"parent":0,"menu_order":0,"comment_status":"closed","ping_status":"closed","template":"","meta":{"footnotes":""},"class_list":["post-3162","page","type-page","status-publish","hentry"],"yoast_head":"<!-- This site is optimized with the Yoast SEO plugin v27.6 - https:\/\/yoast.com\/product\/yoast-seo-wordpress\/ -->\n<title>RE-FX Reifegrad Check - REexpect GmbH<\/title>\n<meta name=\"robots\" content=\"index, follow, max-snippet:-1, max-image-preview:large, max-video-preview:-1\" \/>\n<link rel=\"canonical\" href=\"https:\/\/re-expect.de\/en\/re-fx-reifegrad-check\/\" \/>\n<meta property=\"og:locale\" content=\"en_US\" \/>\n<meta property=\"og:type\" content=\"article\" \/>\n<meta property=\"og:title\" content=\"RE-FX Reifegrad Check - REexpect GmbH\" \/>\n<meta property=\"og:description\" content=\"RE-FX Reifegrad-Check In 5 Minuten zur ehrlichen Standortbestimmung Ihrer SAP RE-FX-Prozesse Kostenlos. Anonym. Ohne Anmeldung. Wie effizient l\u00e4uft Ihr Immobilienmanagement in SAP RE-FX wirklich? Mit unserem RE-FX Reifegrad-Check bekommen Sie in wenigen Minuten eine fundierte Einsch\u00e4tzung \u00fcber f\u00fcnf Bereiche hinweg \u2014 Mieterkorrespondenz, Abrechnungen, E-Rechnung, Compliance &amp; Audit sowie Automatisierung &amp; KI. Sie beantworten 18 Fragen&hellip;\" \/>\n<meta property=\"og:url\" content=\"https:\/\/re-expect.de\/en\/re-fx-reifegrad-check\/\" \/>\n<meta property=\"og:site_name\" content=\"REexpect GmbH\" \/>\n<meta property=\"article:modified_time\" content=\"2026-05-11T07:22:28+00:00\" \/>\n<meta name=\"twitter:card\" content=\"summary_large_image\" \/>\n<script type=\"application\/ld+json\" class=\"yoast-schema-graph\">{\"@context\":\"https:\\\/\\\/schema.org\",\"@graph\":[{\"@type\":\"WebPage\",\"@id\":\"https:\\\/\\\/re-expect.de\\\/re-fx-reifegrad-check\\\/\",\"url\":\"https:\\\/\\\/re-expect.de\\\/re-fx-reifegrad-check\\\/\",\"name\":\"RE-FX Reifegrad Check - REexpect GmbH\",\"isPartOf\":{\"@id\":\"https:\\\/\\\/re-expect.de\\\/#website\"},\"datePublished\":\"2026-05-07T10:19:00+00:00\",\"dateModified\":\"2026-05-11T07:22:28+00:00\",\"breadcrumb\":{\"@id\":\"https:\\\/\\\/re-expect.de\\\/re-fx-reifegrad-check\\\/#breadcrumb\"},\"inLanguage\":\"en-US\",\"potentialAction\":[{\"@type\":\"ReadAction\",\"target\":[\"https:\\\/\\\/re-expect.de\\\/re-fx-reifegrad-check\\\/\"]}]},{\"@type\":\"BreadcrumbList\",\"@id\":\"https:\\\/\\\/re-expect.de\\\/re-fx-reifegrad-check\\\/#breadcrumb\",\"itemListElement\":[{\"@type\":\"ListItem\",\"position\":1,\"name\":\"Home\",\"item\":\"https:\\\/\\\/re-expect.de\\\/\"},{\"@type\":\"ListItem\",\"position\":2,\"name\":\"RE-FX Reifegrad Check\"}]},{\"@type\":\"WebSite\",\"@id\":\"https:\\\/\\\/re-expect.de\\\/#website\",\"url\":\"https:\\\/\\\/re-expect.de\\\/\",\"name\":\"REexpect GmbH\",\"description\":\"Immobilienmanagement in SAP RE-FX\",\"publisher\":{\"@id\":\"https:\\\/\\\/re-expect.de\\\/#organization\"},\"potentialAction\":[{\"@type\":\"SearchAction\",\"target\":{\"@type\":\"EntryPoint\",\"urlTemplate\":\"https:\\\/\\\/re-expect.de\\\/?s={search_term_string}\"},\"query-input\":{\"@type\":\"PropertyValueSpecification\",\"valueRequired\":true,\"valueName\":\"search_term_string\"}}],\"inLanguage\":\"en-US\"},{\"@type\":\"Organization\",\"@id\":\"https:\\\/\\\/re-expect.de\\\/#organization\",\"name\":\"REexpect GmbH\",\"url\":\"https:\\\/\\\/re-expect.de\\\/\",\"logo\":{\"@type\":\"ImageObject\",\"inLanguage\":\"en-US\",\"@id\":\"https:\\\/\\\/re-expect.de\\\/#\\\/schema\\\/logo\\\/image\\\/\",\"url\":\"https:\\\/\\\/re-expect.de\\\/wp-content\\\/uploads\\\/2026\\\/05\\\/Reexpect-logo-7_gross_ohneHG-scaled-e1778592521445.png\",\"contentUrl\":\"https:\\\/\\\/re-expect.de\\\/wp-content\\\/uploads\\\/2026\\\/05\\\/Reexpect-logo-7_gross_ohneHG-scaled-e1778592521445.png\",\"width\":200,\"height\":56,\"caption\":\"REexpect GmbH\"},\"image\":{\"@id\":\"https:\\\/\\\/re-expect.de\\\/#\\\/schema\\\/logo\\\/image\\\/\"}}]}<\/script>\n<!-- \/ Yoast SEO plugin. -->","yoast_head_json":{"title":"RE-FX Reifegrad Check - REexpect GmbH","robots":{"index":"index","follow":"follow","max-snippet":"max-snippet:-1","max-image-preview":"max-image-preview:large","max-video-preview":"max-video-preview:-1"},"canonical":"https:\/\/re-expect.de\/en\/re-fx-reifegrad-check\/","og_locale":"en_US","og_type":"article","og_title":"RE-FX Reifegrad Check - REexpect GmbH","og_description":"RE-FX Reifegrad-Check In 5 Minuten zur ehrlichen Standortbestimmung Ihrer SAP RE-FX-Prozesse Kostenlos. Anonym. Ohne Anmeldung. Wie effizient l\u00e4uft Ihr Immobilienmanagement in SAP RE-FX wirklich? Mit unserem RE-FX Reifegrad-Check bekommen Sie in wenigen Minuten eine fundierte Einsch\u00e4tzung \u00fcber f\u00fcnf Bereiche hinweg \u2014 Mieterkorrespondenz, Abrechnungen, E-Rechnung, Compliance &amp; Audit sowie Automatisierung &amp; KI. Sie beantworten 18 Fragen&hellip;","og_url":"https:\/\/re-expect.de\/en\/re-fx-reifegrad-check\/","og_site_name":"REexpect GmbH","article_modified_time":"2026-05-11T07:22:28+00:00","twitter_card":"summary_large_image","schema":{"@context":"https:\/\/schema.org","@graph":[{"@type":"WebPage","@id":"https:\/\/re-expect.de\/re-fx-reifegrad-check\/","url":"https:\/\/re-expect.de\/re-fx-reifegrad-check\/","name":"RE-FX Reifegrad Check - REexpect GmbH","isPartOf":{"@id":"https:\/\/re-expect.de\/#website"},"datePublished":"2026-05-07T10:19:00+00:00","dateModified":"2026-05-11T07:22:28+00:00","breadcrumb":{"@id":"https:\/\/re-expect.de\/re-fx-reifegrad-check\/#breadcrumb"},"inLanguage":"en-US","potentialAction":[{"@type":"ReadAction","target":["https:\/\/re-expect.de\/re-fx-reifegrad-check\/"]}]},{"@type":"BreadcrumbList","@id":"https:\/\/re-expect.de\/re-fx-reifegrad-check\/#breadcrumb","itemListElement":[{"@type":"ListItem","position":1,"name":"Home","item":"https:\/\/re-expect.de\/"},{"@type":"ListItem","position":2,"name":"RE-FX Reifegrad Check"}]},{"@type":"WebSite","@id":"https:\/\/re-expect.de\/#website","url":"https:\/\/re-expect.de\/","name":"REexpect GmbH","description":"Real estate management in SAP RE-FX","publisher":{"@id":"https:\/\/re-expect.de\/#organization"},"potentialAction":[{"@type":"SearchAction","target":{"@type":"EntryPoint","urlTemplate":"https:\/\/re-expect.de\/?s={search_term_string}"},"query-input":{"@type":"PropertyValueSpecification","valueRequired":true,"valueName":"search_term_string"}}],"inLanguage":"en-US"},{"@type":"Organization","@id":"https:\/\/re-expect.de\/#organization","name":"REexpect GmbH","url":"https:\/\/re-expect.de\/","logo":{"@type":"ImageObject","inLanguage":"en-US","@id":"https:\/\/re-expect.de\/#\/schema\/logo\/image\/","url":"https:\/\/re-expect.de\/wp-content\/uploads\/2026\/05\/Reexpect-logo-7_gross_ohneHG-scaled-e1778592521445.png","contentUrl":"https:\/\/re-expect.de\/wp-content\/uploads\/2026\/05\/Reexpect-logo-7_gross_ohneHG-scaled-e1778592521445.png","width":200,"height":56,"caption":"REexpect GmbH"},"image":{"@id":"https:\/\/re-expect.de\/#\/schema\/logo\/image\/"}}]}},"_links":{"self":[{"href":"https:\/\/re-expect.de\/en\/wp-json\/wp\/v2\/pages\/3162","targetHints":{"allow":["GET"]}}],"collection":[{"href":"https:\/\/re-expect.de\/en\/wp-json\/wp\/v2\/pages"}],"about":[{"href":"https:\/\/re-expect.de\/en\/wp-json\/wp\/v2\/types\/page"}],"author":[{"embeddable":true,"href":"https:\/\/re-expect.de\/en\/wp-json\/wp\/v2\/users\/2"}],"replies":[{"embeddable":true,"href":"https:\/\/re-expect.de\/en\/wp-json\/wp\/v2\/comments?post=3162"}],"version-history":[{"count":22,"href":"https:\/\/re-expect.de\/en\/wp-json\/wp\/v2\/pages\/3162\/revisions"}],"predecessor-version":[{"id":3213,"href":"https:\/\/re-expect.de\/en\/wp-json\/wp\/v2\/pages\/3162\/revisions\/3213"}],"wp:attachment":[{"href":"https:\/\/re-expect.de\/en\/wp-json\/wp\/v2\/media?parent=3162"}],"curies":[{"name":"wp","href":"https:\/\/api.w.org\/{rel}","templated":true}]}}