{"id":1604,"date":"2021-06-16T11:53:33","date_gmt":"2021-06-16T10:53:33","guid":{"rendered":"https:\/\/re-expect.de\/?page_id=1604"},"modified":"2025-12-10T15:55:06","modified_gmt":"2025-12-10T13:55:06","slug":"impressum","status":"publish","type":"page","link":"https:\/\/re-expect.de\/en\/impressum\/","title":{"rendered":"Imprint"},"content":{"rendered":"<div data-elementor-type=\"wp-page\" data-elementor-id=\"1604\" class=\"elementor elementor-1604\" data-elementor-post-type=\"page\">\n\t\t\t\t\t\t<section class=\"elementor-section elementor-top-section elementor-element elementor-element-7ccc360c elementor-section-boxed elementor-section-height-default elementor-section-height-default\" data-id=\"7ccc360c\" data-element_type=\"section\">\n\t\t\t\t\t\t<div class=\"elementor-container elementor-column-gap-default\">\n\t\t\t\t\t<div class=\"elementor-column elementor-col-100 elementor-top-column elementor-element elementor-element-3005cd4f\" data-id=\"3005cd4f\" data-element_type=\"column\">\n\t\t\t<div class=\"elementor-widget-wrap elementor-element-populated\">\n\t\t\t\t\t\t<div class=\"elementor-element elementor-element-207d836c elementor-widget elementor-widget-text-editor\" data-id=\"207d836c\" data-element_type=\"widget\" data-widget_type=\"text-editor.default\">\n\t\t\t\t<div class=\"elementor-widget-container\">\n\t\t\t\t\t\t\t<!-- wp:paragraph -->\n<p><strong>Information according to \u00a7 5 DDG | DL-InfoV<\/strong><\/p>\n<!-- \/wp:paragraph --><!-- wp:paragraph -->\n<p><strong>REexpect GmbH<\/strong><br \/>Simeonsplatz 2<br \/>32423 Minden<\/p>\n<!-- \/wp:paragraph --><!-- wp:paragraph -->\n<p><strong>Represented by<\/strong><br \/>Yannik Neidiger - Managing Director<\/p>\n<!-- \/wp:paragraph --><!-- wp:paragraph -->\n<p><strong>Responsible for the content according to \u00a7 55 para. 2 RStV<\/strong><br \/>Yannik Neidiger, Simeonsplatz 2, 32423 Minden<\/p>\n<!-- \/wp:paragraph --><!-- wp:paragraph -->\n<p><strong>Contact<\/strong><br \/>Phone +49 571 783435-11<br \/>info@re-expect.de<\/p>\n<!-- \/wp:paragraph --><!-- wp:paragraph -->\n<p><strong>Tax ID<\/strong><br \/>DE344465471<\/p>\n<!-- \/wp:paragraph --><!-- wp:paragraph -->\n<p><strong>Register entry<\/strong><br \/>Registry court: Bad Oeynhausen Local Court<br \/>Registration number: HRB 17896<\/p>\n<!-- \/wp:paragraph --><!-- wp:paragraph -->\n<p><strong>Design and realization<\/strong><br \/>Sandra Sp\u00f6nemann<\/p>\n<!-- \/wp:paragraph --><!-- wp:paragraph -->\n<p><strong>Disclaimer<\/strong><\/p>\n<!-- \/wp:paragraph --><!-- wp:paragraph -->\n<p><strong>Liability for contents<\/strong><br \/>The contents of our pages have been created with the greatest care. However, we cannot accept any liability for the accuracy, completeness and topicality of the content. As a service provider, we are responsible for our own content on these pages in accordance with general legislation. However, as a service provider, we are not obliged to monitor transmitted or stored third-party information or to investigate circumstances that indicate illegal activity. Obligations to remove or block the use of information in accordance with general legislation remain unaffected by this. However, liability in this respect is only possible from the time of knowledge of a specific infringement. As soon as we become aware of such infringements, we will remove this content immediately.<\/p>\n<!-- \/wp:paragraph --><!-- wp:paragraph -->\n<p><strong>Liability for links<\/strong><br \/>Our offer contains links to external websites of third parties, on whose contents we have no influence. Therefore, we cannot assume any liability for these external contents. The respective provider or operator of the pages is always responsible for the content of the linked pages. The linked pages were checked for possible legal violations at the time of linking. Illegal contents were not recognizable at the time of linking. However, a permanent control of the contents of the linked pages is not reasonable without concrete evidence of a violation of the law. If we become aware of any infringements, we will remove such links immediately.<\/p>\n<!-- \/wp:paragraph --><!-- wp:paragraph -->\n<p><strong>Copyright<\/strong><br \/>The content and works created by the site operators on these pages are subject to German copyright law. Duplication, processing, distribution, or any form of commercialization of such material beyond the scope of the copyright law shall require the prior written consent of its respective author or creator. Downloads and copies of this site are only permitted for private, non-commercial use. Insofar as the content on this site was not created by the operator, the copyrights of third parties are respected. In particular, third-party content is identified as such. Should you nevertheless become aware of a copyright infringement, please inform us accordingly. If we become aware of any infringements, we will remove such content immediately.<\/p>\n<!-- \/wp:paragraph --><!-- wp:paragraph --><!-- \/wp:paragraph --><!-- wp:paragraph -->\n<p><strong>More information<\/strong><br \/><a href=\"https:\/\/re-expect.de\/en\/datenschutz\/\">Show privacy statement<\/a><\/p>\n<!-- \/wp:paragraph --><!-- wp:paragraph -->\n<p>To adjust your cookie settings, please click the following button:<\/p>\n<!-- \/wp:paragraph -->\t\t\t\t\t\t<\/div>\n\t\t\t\t<\/div>\n\t\t\t\t\t<\/div>\n\t\t<\/div>\n\t\t\t\t\t<\/div>\n\t\t<\/section>\n\t\t\t\t<\/div>","protected":false},"excerpt":{"rendered":"<p>Information according to \u00a7 5 DDG | DL-InfoV REexpect GmbHSimeonsplatz 232423 Minden Represented byYannik Neidiger - Managing Director Responsible for the content according to \u00a7 55 Abs. 2 RStVYannik Neidiger, Simeonsplatz 2, 32423 Minden ContactPhone +49 571 783435-11info@re-expect.de Tax IDDE344465471 Register entryRegister court: Bad Oeynhausen Local CourtRegister number: HRB 17896 Design and realizationSandra Sp\u00f6nemann Disclaimer Liability for contentThe content of our pages has been created with...<\/p>","protected":false},"author":2,"featured_media":0,"parent":0,"menu_order":0,"comment_status":"closed","ping_status":"closed","template":"","meta":{"footnotes":""},"class_list":["post-1604","page","type-page","status-publish","hentry"],"yoast_head":"<!-- This site is optimized with the Yoast SEO plugin v27.6 - https:\/\/yoast.com\/product\/yoast-seo-wordpress\/ -->\n<title>Impressum - REexpect GmbH<\/title>\n<meta name=\"description\" content=\"Die Inhalte unserer Seiten wurden mit gr\u00f6\u00dfter Sorgfalt erstellt. F\u00fcr die Richtigkeit, Vollst\u00e4ndigkeit und Aktualit\u00e4t der Inhalte k\u00f6nnen...\" \/>\n<meta name=\"robots\" content=\"index, follow, max-snippet:-1, max-image-preview:large, max-video-preview:-1\" \/>\n<link rel=\"canonical\" href=\"https:\/\/re-expect.de\/en\/impressum\/\" \/>\n<meta property=\"og:locale\" content=\"en_US\" \/>\n<meta property=\"og:type\" content=\"article\" \/>\n<meta property=\"og:title\" content=\"Impressum - REexpect GmbH\" \/>\n<meta property=\"og:description\" content=\"Die Inhalte unserer Seiten wurden mit gr\u00f6\u00dfter Sorgfalt erstellt. F\u00fcr die Richtigkeit, Vollst\u00e4ndigkeit und Aktualit\u00e4t der Inhalte k\u00f6nnen...\" \/>\n<meta property=\"og:url\" content=\"https:\/\/re-expect.de\/en\/impressum\/\" \/>\n<meta property=\"og:site_name\" content=\"REexpect GmbH\" \/>\n<meta property=\"article:modified_time\" content=\"2025-12-10T13:55:06+00:00\" \/>\n<meta name=\"twitter:card\" content=\"summary_large_image\" \/>\n<meta name=\"twitter:label1\" content=\"Est. reading time\" \/>\n\t<meta name=\"twitter:data1\" content=\"2 minutes\" \/>\n<script type=\"application\/ld+json\" class=\"yoast-schema-graph\">{\"@context\":\"https:\\\/\\\/schema.org\",\"@graph\":[{\"@type\":\"WebPage\",\"@id\":\"https:\\\/\\\/re-expect.de\\\/impressum\\\/\",\"url\":\"https:\\\/\\\/re-expect.de\\\/impressum\\\/\",\"name\":\"Impressum - REexpect GmbH\",\"isPartOf\":{\"@id\":\"https:\\\/\\\/re-expect.de\\\/#website\"},\"datePublished\":\"2021-06-16T10:53:33+00:00\",\"dateModified\":\"2025-12-10T13:55:06+00:00\",\"description\":\"Die Inhalte unserer Seiten wurden mit gr\u00f6\u00dfter Sorgfalt erstellt. F\u00fcr die Richtigkeit, Vollst\u00e4ndigkeit und Aktualit\u00e4t der Inhalte k\u00f6nnen...\",\"breadcrumb\":{\"@id\":\"https:\\\/\\\/re-expect.de\\\/impressum\\\/#breadcrumb\"},\"inLanguage\":\"en-US\",\"potentialAction\":[{\"@type\":\"ReadAction\",\"target\":[\"https:\\\/\\\/re-expect.de\\\/impressum\\\/\"]}]},{\"@type\":\"BreadcrumbList\",\"@id\":\"https:\\\/\\\/re-expect.de\\\/impressum\\\/#breadcrumb\",\"itemListElement\":[{\"@type\":\"ListItem\",\"position\":1,\"name\":\"Home\",\"item\":\"https:\\\/\\\/re-expect.de\\\/\"},{\"@type\":\"ListItem\",\"position\":2,\"name\":\"Impressum\"}]},{\"@type\":\"WebSite\",\"@id\":\"https:\\\/\\\/re-expect.de\\\/#website\",\"url\":\"https:\\\/\\\/re-expect.de\\\/\",\"name\":\"REexpect GmbH\",\"description\":\"Immobilienmanagement in SAP RE-FX\",\"publisher\":{\"@id\":\"https:\\\/\\\/re-expect.de\\\/#organization\"},\"potentialAction\":[{\"@type\":\"SearchAction\",\"target\":{\"@type\":\"EntryPoint\",\"urlTemplate\":\"https:\\\/\\\/re-expect.de\\\/?s={search_term_string}\"},\"query-input\":{\"@type\":\"PropertyValueSpecification\",\"valueRequired\":true,\"valueName\":\"search_term_string\"}}],\"inLanguage\":\"en-US\"},{\"@type\":\"Organization\",\"@id\":\"https:\\\/\\\/re-expect.de\\\/#organization\",\"name\":\"REexpect GmbH\",\"url\":\"https:\\\/\\\/re-expect.de\\\/\",\"logo\":{\"@type\":\"ImageObject\",\"inLanguage\":\"en-US\",\"@id\":\"https:\\\/\\\/re-expect.de\\\/#\\\/schema\\\/logo\\\/image\\\/\",\"url\":\"https:\\\/\\\/re-expect.de\\\/wp-content\\\/uploads\\\/2026\\\/05\\\/Reexpect-logo-7_gross_ohneHG-scaled-e1778592521445.png\",\"contentUrl\":\"https:\\\/\\\/re-expect.de\\\/wp-content\\\/uploads\\\/2026\\\/05\\\/Reexpect-logo-7_gross_ohneHG-scaled-e1778592521445.png\",\"width\":200,\"height\":56,\"caption\":\"REexpect GmbH\"},\"image\":{\"@id\":\"https:\\\/\\\/re-expect.de\\\/#\\\/schema\\\/logo\\\/image\\\/\"}}]}<\/script>\n<!-- \/ Yoast SEO plugin. -->","yoast_head_json":{"title":"Imprint - REexpect GmbH","description":"The contents of our pages were created with the greatest care. For the correctness, completeness and topicality of the contents...","robots":{"index":"index","follow":"follow","max-snippet":"max-snippet:-1","max-image-preview":"max-image-preview:large","max-video-preview":"max-video-preview:-1"},"canonical":"https:\/\/re-expect.de\/en\/impressum\/","og_locale":"en_US","og_type":"article","og_title":"Impressum - REexpect GmbH","og_description":"Die Inhalte unserer Seiten wurden mit gr\u00f6\u00dfter Sorgfalt erstellt. F\u00fcr die Richtigkeit, Vollst\u00e4ndigkeit und Aktualit\u00e4t der Inhalte k\u00f6nnen...","og_url":"https:\/\/re-expect.de\/en\/impressum\/","og_site_name":"REexpect GmbH","article_modified_time":"2025-12-10T13:55:06+00:00","twitter_card":"summary_large_image","twitter_misc":{"Est. reading time":"2 minutes"},"schema":{"@context":"https:\/\/schema.org","@graph":[{"@type":"WebPage","@id":"https:\/\/re-expect.de\/impressum\/","url":"https:\/\/re-expect.de\/impressum\/","name":"Imprint - REexpect GmbH","isPartOf":{"@id":"https:\/\/re-expect.de\/#website"},"datePublished":"2021-06-16T10:53:33+00:00","dateModified":"2025-12-10T13:55:06+00:00","description":"The contents of our pages were created with the greatest care. For the correctness, completeness and topicality of the contents...","breadcrumb":{"@id":"https:\/\/re-expect.de\/impressum\/#breadcrumb"},"inLanguage":"en-US","potentialAction":[{"@type":"ReadAction","target":["https:\/\/re-expect.de\/impressum\/"]}]},{"@type":"BreadcrumbList","@id":"https:\/\/re-expect.de\/impressum\/#breadcrumb","itemListElement":[{"@type":"ListItem","position":1,"name":"Home","item":"https:\/\/re-expect.de\/"},{"@type":"ListItem","position":2,"name":"Impressum"}]},{"@type":"WebSite","@id":"https:\/\/re-expect.de\/#website","url":"https:\/\/re-expect.de\/","name":"REexpect GmbH","description":"Real estate management in SAP RE-FX","publisher":{"@id":"https:\/\/re-expect.de\/#organization"},"potentialAction":[{"@type":"SearchAction","target":{"@type":"EntryPoint","urlTemplate":"https:\/\/re-expect.de\/?s={search_term_string}"},"query-input":{"@type":"PropertyValueSpecification","valueRequired":true,"valueName":"search_term_string"}}],"inLanguage":"en-US"},{"@type":"Organization","@id":"https:\/\/re-expect.de\/#organization","name":"REexpect GmbH","url":"https:\/\/re-expect.de\/","logo":{"@type":"ImageObject","inLanguage":"en-US","@id":"https:\/\/re-expect.de\/#\/schema\/logo\/image\/","url":"https:\/\/re-expect.de\/wp-content\/uploads\/2026\/05\/Reexpect-logo-7_gross_ohneHG-scaled-e1778592521445.png","contentUrl":"https:\/\/re-expect.de\/wp-content\/uploads\/2026\/05\/Reexpect-logo-7_gross_ohneHG-scaled-e1778592521445.png","width":200,"height":56,"caption":"REexpect GmbH"},"image":{"@id":"https:\/\/re-expect.de\/#\/schema\/logo\/image\/"}}]}},"_links":{"self":[{"href":"https:\/\/re-expect.de\/en\/wp-json\/wp\/v2\/pages\/1604","targetHints":{"allow":["GET"]}}],"collection":[{"href":"https:\/\/re-expect.de\/en\/wp-json\/wp\/v2\/pages"}],"about":[{"href":"https:\/\/re-expect.de\/en\/wp-json\/wp\/v2\/types\/page"}],"author":[{"embeddable":true,"href":"https:\/\/re-expect.de\/en\/wp-json\/wp\/v2\/users\/2"}],"replies":[{"embeddable":true,"href":"https:\/\/re-expect.de\/en\/wp-json\/wp\/v2\/comments?post=1604"}],"version-history":[{"count":19,"href":"https:\/\/re-expect.de\/en\/wp-json\/wp\/v2\/pages\/1604\/revisions"}],"predecessor-version":[{"id":3081,"href":"https:\/\/re-expect.de\/en\/wp-json\/wp\/v2\/pages\/1604\/revisions\/3081"}],"wp:attachment":[{"href":"https:\/\/re-expect.de\/en\/wp-json\/wp\/v2\/media?parent=1604"}],"curies":[{"name":"wp","href":"https:\/\/api.w.org\/{rel}","templated":true}]}}